{"id":1795,"date":"2022-04-23T14:36:02","date_gmt":"2022-04-23T18:36:02","guid":{"rendered":"https:\/\/techhub.wwf.ca\/?page_id=1795"},"modified":"2022-05-16T15:16:16","modified_gmt":"2022-05-16T19:16:16","slug":"home","status":"publish","type":"page","link":"https:\/\/techhub.wwf.ca\/fr\/","title":{"rendered":"Home"},"content":{"rendered":"\n<h1>\n\t\tL\u00c0 O\u00d9 LA TECHNOLOGIE RENCONTRE LA NATURE\n\t<\/h1>\n<h4>\n\t\tExplorez les technologies de pointe en mati\u00e8re de conservation et contribuez \u00e0 leur avenir, avec le P\u00f4le techno Plan\u00e8te vivante du WWF.\n\t<\/h4>\n\t<p>\u00a9 Bertrand Bouchez \/ Unsplash<\/p>\n\t<p><strong>Voici les finalistes du D\u00e9fi techno nature x carbone<\/strong><\/p>\n\t<p>Le D\u00e9fi techno nature x carbone du WWF-Canada est \u00e0 la recherche de technologies innovantes, peu couteuses et accessibles pour soutenir la mesure du carbone par les communaut\u00e9s de partout au pays dans le cadre des solutions climatiques bas\u00e9es sur la nature.<\/p>\n<p>Cinq finalistes ont \u00e9t\u00e9 s\u00e9lectionn\u00e9.e.s pour passer \u00e0 la phase de validation du d\u00e9fi.<\/p>\n\t\t\t<a href=\"https:\/\/techhub.wwf.ca\/fr\/defis-technologiques\/nature-x-carbon\/\" target=\"_self\" role=\"button\" rel=\"noopener\">\n\t\t\t\t\t\t\tDites m&#8217;en plus\n\t\t\t\t\t<\/a>\n\t\t\t\t<img loading=\"lazy\" decoding=\"async\" src=\"https:\/\/techhub.wwf.ca\/wp-content\/uploads\/sites\/5\/Divider-White-Dither.gif\" alt=\"A small line graphic\" itemprop=\"image\" height=\"28\" width=\"184\" onerror=\"this.style.display='none'\"  \/>\n<h5>\n\t\tMISSION : L&#8217;AVENIR DE LA CONSERVATION\n\t<\/h5>\n\t<h4>L&#8217;avenir de notre plan\u00e8te exige de nouvelles fa\u00e7ons de faire audacieuses et novatrices afin d&#8217;affronter les crises du d\u00e9r\u00e8glement climatique et du d\u00e9clin catastrophique de la biodiversit\u00e9.<\/h4>\n\t\t\t<a href=\"https:\/\/techhub.wwf.ca\/fr\/technologies-de-conservation-especes\/\" target=\"_self\" role=\"button\" rel=\"noopener\">\n\t\t\t\t\t\t\tDITES M&#8217;EN PLUS\n\t\t\t\t\t<\/a>\n<h3>\n\t\tG\u00c9N\u00c9RATION H2O <br \/>TECH CHALLENGE\n\t<\/h3>\n\t<p>Le D\u00e9fi techno G\u00e9n\u00e9ration H2O du WWF-Canada aide \u00e0 donner vie \u00e0 des id\u00e9es innovantes et de haute technologie qui contribueront \u00e0 la sant\u00e9 de l&#8217;eau douce au Canada. Un total de 75 000 $ a \u00e9t\u00e9 allou\u00e9 aux r\u00e9cipiendaires des prix du D\u00e9fi G\u00e9n\u00e9ration H2O. Il.elle.s ont aussi tou.te.s \u00e9t\u00e9 admis.es au programme Climate Ventures: Earth Tech Accelerator du Centre for Social Innovation (CSI).<\/p>\n\t\t\t<a href=\"https:\/\/techhub.wwf.ca\/fr\/generation-h20\/#award\" target=\"_self\" role=\"button\" rel=\"noopener\">\n\t\t\t\t\t\t\tDITES M&#8217;EN PLUS\n\t\t\t\t\t<\/a>\n\t<p>La p\u00e9riode de soumission du D\u00e9fi techno G\u00e9n\u00e9ration H2O est maintenant termin\u00e9e.<\/p>\n<p><a href=\"https:\/\/techhub.wwf.ca\/fr\/generation-h20\/\">D\u00e9couvrez nos innovateur.trice.s des technologies de l&#8217;eau.<\/a><\/p>\n\t\t\t<a href=\"https:\/\/techhub.wwf.ca\/register\" target=\"_self\" role=\"button\" rel=\"noopener\">\n\t\t\t\t\t\t\tREGISTER NOW\n\t\t\t\t\t<\/a>\n\t<p>\u00a9 Oliver Woods \/ WWF-Canada<\/p>\n\t\t\t\t<img loading=\"lazy\" decoding=\"async\" src=\"https:\/\/techhub.wwf.ca\/wp-content\/uploads\/sites\/5\/Divider-White-Dither.gif\" alt=\"A small line graphic\" itemprop=\"image\" height=\"28\" width=\"184\" onerror=\"this.style.display='none'\"  \/>\n<h5>\n\t\tEXPLOREZ NOS TECHNOLOGIES\n\t<\/h5>\n\t<p>Le WWF-Canada utilise les technologies de pointe en mati\u00e8re de science et d&#8217;ing\u00e9nierie afin de contribuer \u00e0 la protection des esp\u00e8ces et de la nature.<\/p>\n\t\t\t\t<img loading=\"lazy\" decoding=\"async\" src=\"https:\/\/techhub.wwf.ca\/wp-content\/uploads\/sites\/5\/Divider-Black-Dither.gif\" alt=\"A small line graphic\" itemprop=\"image\" height=\"28\" width=\"184\" onerror=\"this.style.display='none'\"  \/>\n<h5>\n\t\tPASSEZ \u00c0 L&#8217;\u00c9TAPE SUIVANTE\n\t<\/h5>\n<h4>\n\t\tSoutenez l&#8217;avenir de la conservation de l&#8217;environnement\n\t<\/h4>\n\t\t\t<a href=\"http:\/\/www.wwf.ca\/fr\/donner\/\" target=\"_blank\" role=\"button\" rel=\"noopener\">\n\t\t\t\t\t\t\tDONNEZ MAINTENANT\n\t\t\t\t\t<\/a>\n\t\t\t\t<img loading=\"lazy\" decoding=\"async\" src=\"https:\/\/techhub.wwf.ca\/wp-content\/uploads\/sites\/5\/techline_ver_small_white.svg\" alt=\"techline_ver_small_white\" itemprop=\"image\" height=\"96.405\" width=\"7.405\" height=\"240\" width=\"240\" height=\"640\" width=\"640\" height=\"1280\" width=\"1280\" title=\"techline_ver_small_white\" onerror=\"this.style.display='none'\"  \/>\n\t\t\t\t<img loading=\"lazy\" decoding=\"async\" src=\"https:\/\/techhub.wwf.ca\/wp-content\/uploads\/sites\/5\/techline_ver_small_white.svg\" alt=\"techline_ver_small_white\" itemprop=\"image\" height=\"96.405\" width=\"7.405\" height=\"240\" width=\"240\" height=\"640\" width=\"640\" height=\"1280\" width=\"1280\" title=\"techline_ver_small_white\" onerror=\"this.style.display='none'\"  \/>\n<h4>\n\t\tParticipez au D\u00e9fi techno G\u00e9n\u00e9ration H2O\n\t<\/h4>\n\t\t\t<a href=\"https:\/\/techhub.wwf.ca\/fr\/generation-h20\/\" target=\"_self\" role=\"button\" rel=\"noopener\">\n\t\t\t\t\t\t\tPLUS DE D\u00c9TAILS\n\t\t\t\t\t<\/a>\n<h5>\n\t\tRESTEZ CONNECT\u00c9E\n\t<\/h5>\n\t<p>Inscrivez-vous \u00e0 notre liste de diffusion par courriels pour en savoir plus sur notre important travail de conservation et sur les divers moyens d&#8217;aider. Nous respectons votre vie priv\u00e9e et vous pouvez vous d\u00e9sabonner \u00e0 tout moment.<\/p>\n\t\n        <form name=\"survey_2360\" id=\"survey_2360\" method=\"POST\" action=\"https:\/\/secure.wwf.ca\/site\/SSurvey?ACTION_REQUIRED=URI_ACTION_USER_REQUESTS&SURVEY_ID=2360&s_locale=fr_CA&amp;NEXTURL=https:\/\/techhub.wwf.ca\/fr\/infolettre-merci\/\" data-trp-original-action=\"https:\/\/secure.wwf.ca\/site\/SSurvey?ACTION_REQUIRED=URI_ACTION_USER_REQUESTS&SURVEY_ID=2360&s_locale=en_CA&NEXTURL=https:\/\/techhub.wwf.ca\/fr\/infolettre-merci\/\">\n\n\n\t        <div class=\"appArea\">\n            <table width=\"100%\" border=\"0\" cellspacing=\"4\" cellpadding=\"0\">\n                <tbody>\n                    <tr valign=\"top\" class=\"old-school\">\n                        <td>\n                            <style type=\"text\/css\">\n                                <!--\n                                \/* Hide hidden email opt-in alert *\/\n                                .AutoOptInWarningMessage {\n                                    display: none;\n                                }\n\n                                \/* Hide Remember Me *\/\n                                input#s_rememberMe {\n                                    display: none;\n                                }\n\n                                input#remember_me_opt_in_requested+label {\n                                    display: none;\n                                }\n\n                                a#whats_this_link {\n                                    display: none;\n                                }\n\n                                .pcodeinfo {\n                                    display: block;\n                                    color: #999999;\n                                    font-size: 13px;\n                                    line-height: 1.1;\n                                    margin-top: 5px;\n                                }\n\n                                input#reset.Button {\n                                    display: none;\n                                }\n\n                                input#ACTION_CANCEL_RESPONSE_SUBMIT.Button {\n                                    display: none;\n\n                                }\n\n                                div.container {\n                                    padding-top: 30px;\n                                    padding-bottom: 50px;\n                                }\n\n                                input#reset.Button {\n                                    display: none;\n                                }\n\n                                input#ACTION_CANCEL_RESPONSE_SUBMIT.Button {\n                                    display: none;\n\n                                }\n\n                                H3.ObjTitle {\n                                    display: none;\n                                }\n                                -->\n                            <\/style>\n                            <script type=\"text\/javascript\">\n                                \/\/ <![CDATA[\n                                Y.use('jquery-noconflict', function() {\n                                    jQuery(function($) {\n                                        $(\"<span class='pcodeinfo'>WWF is collecting postal codes so we can send you news and invitations most relevant to your area.<\/span>\").insertAfter('input#cons_zip_code');\n\n                                        $('.AutoOptInWarningMessage').closest('tr').hide();\n                                        $('input#s_rememberMe').closest('tr').hide();\n                                    });\n                                });\n                                \/\/ ]]>\n                            <\/script>\n                        <\/td>\n                    <\/tr>\n                    <tr valign=\"top\" class=\"old-school\">\n                        <td>\n                            <table border=\"0\" cellspacing=\"4\" cellpadding=\"0\">\n                                <tbody>\n                                    <tr style=\"position:absolute;left:-9999px\">\n                                        <td colspan=\"3\">\n                                            <input type=\"hidden\" name=\"cons_info_component\" id=\"cons_info_component\" value=\"t\">\n                                        <\/td>\n                                    <\/tr>\n                                    <tr valign=\"bottom\">\n                                        <td>\n                                            <p><label for=\"cons_first_name\">First Name:: <span style=\"position:absolute;left:-9999px\">Required<\/span><\/label><\/p>\n                                        <\/td>\n                                        <td class=\"NetscapeFix\">\n                                            <input type=\"text\" name=\"cons_first_name\" id=\"cons_first_name\" value=\"\" size=\"32\" maxlength=\"50\" autocomplete=\"off\">\n                                        <\/td>\n                                    <\/tr>\n                                    <tr valign=\"bottom\">\n                                        <td>\n                                            <p><label for=\"cons_last_name\">Last Name: <span style=\"position:absolute;left:-9999px\">Required<\/span><\/label><\/p>\n                                        <\/td>\n                                        <td class=\"NetscapeFix\">\n                                            <input type=\"text\" name=\"cons_last_name\" id=\"cons_last_name\" value=\"\" size=\"32\" maxlength=\"50\" autocomplete=\"off\">\n                                        <\/td>\n                                    <\/tr>\n                                    <tr>\n                                        <td nowrap=\"nowrap\">\n                                            <p><label for=\"cons_email\">Email: <span style=\"position:absolute;left:-9999px\">Required<\/span><\/label><\/p>\n                                        <\/td>\n                                        <td>\n                                            <input type=\"email\" name=\"cons_email\" id=\"cons_email\" value=\"\" size=\"32\" maxlength=\"255\">\n                                        <\/td>\n                                    <\/tr>\n                                    <tr valign=\"bottom\">\n                                        <td>\n                                            <p><label for=\"cons_zip_code\">Postal Code: <span style=\"position:absolute;left:-9999px\">Required<\/span><\/label><\/p>\n                                        <\/td>\n                                        <td>\n                                            <input type=\"text\" name=\"cons_zip_code\" id=\"cons_zip_code\" value=\"\" size=\"15\" maxlength=\"40\" autocomplete=\"off\">\n                                        <\/td>\n                                    <\/tr>\n                                    <tr>\n                                        <td colspan=\"2\">\n                                            <p class=\"AutoOptInWarningMessage pcode_txt\">WWF Canada is collecting postal codes so we can send you news and invitations most relevant to your area.<\/p>\n                                        <\/td>\n                                    <\/tr>\n                                <\/tbody>\n                            <\/table>\n                        <\/td>\n                    <\/tr>\n                    <tr valign=\"top\" class=\"old-school\">\n\n\n                        <input type=\"hidden\" name=\"4381_2360_4_2889\" id=\"4381_2360_4_2889_1\" value=\"1061\">\n\n                        <input type=\"hidden\" name=\"4381_2360_4_2889\" id=\"4381_2360_4_2889_2\" value=\"1021\">\n\n                        <input type=\"hidden\" name=\"4381_2360_4_2889\" id=\"4381_2360_4_2889_3\" value=\"1030\">\n\n                        <input type=\"hidden\" name=\"4381_2360_4_2889\" id=\"4381_2360_4_2889_4\" value=\"1281\">\n\n                        <input type=\"hidden\" name=\"4381_2360_4_2889\" id=\"4381_2360_4_2889_5\" value=\"1029\">\n\n                        <input type=\"hidden\" name=\"4381_2360_4_2889\" id=\"4381_2360_4_2889_6\" value=\"1341\">\n\n\n                    <\/tr>\n                <\/tbody>\n            <\/table>\n        <\/div>\n        <div style=\"display:none\">\n            <label for=\"denySubmit\">Spam Control Text:<\/label>&nbsp;\n            <input type=\"text\" name=\"denySubmit\" id=\"denySubmit\" value=\"\" alt=\"This field is used to prevent form submission by scripts.\" autocomplete=\"off\">&nbsp;Please leave this field empty\n        <\/div>\n\n        <div class=\"appArea\">\n            <p>\n                <input type=\"submit\" name=\"ACTION_SUBMIT_SURVEY_RESPONSE\" id=\"ACTION_SUBMIT_SURVEY_RESPONSE\" value=\"Sign me up\" class=\"Button wpforms-submit nl_submit\">\n            <\/p>\n        <\/div>\n\n        <input type=\"hidden\" name=\"SURVEY_ID\" id=\"SURVEY_ID\" value=\"2360\">\n\n    <\/form>\n\n    \n\t<p>\u00a9 naturepl.com \/ Andy Rouse \/ WWF<\/p>\n\n","protected":false},"excerpt":{"rendered":"<p>L\u00c0 O\u00d9 LA TECHNOLOGIE RENCONTRE LA NATURE Explorez les technologies de pointe en mati\u00e8re de conservation et contribuez \u00e0 leur avenir, avec le P\u00f4le techno Plan\u00e8te vivante du WWF. \u00a9 Bertrand Bouchez \/ Unsplash Voici les finalistes du D\u00e9fi techno nature x carbone Le D\u00e9fi techno nature x carbone du WWF-Canada est \u00e0 la recherche&hellip;<\/p>\n","protected":false},"author":103538,"featured_media":0,"parent":0,"menu_order":0,"comment_status":"closed","ping_status":"closed","template":"","meta":{"footnotes":""},"class_list":["post-1795","page","type-page","status-publish","hentry"],"acf":[],"_links":{"self":[{"href":"https:\/\/techhub.wwf.ca\/fr\/wp-json\/wp\/v2\/pages\/1795","targetHints":{"allow":["GET"]}}],"collection":[{"href":"https:\/\/techhub.wwf.ca\/fr\/wp-json\/wp\/v2\/pages"}],"about":[{"href":"https:\/\/techhub.wwf.ca\/fr\/wp-json\/wp\/v2\/types\/page"}],"author":[{"embeddable":true,"href":"https:\/\/techhub.wwf.ca\/fr\/wp-json\/wp\/v2\/users\/103538"}],"replies":[{"embeddable":true,"href":"https:\/\/techhub.wwf.ca\/fr\/wp-json\/wp\/v2\/comments?post=1795"}],"version-history":[{"count":0,"href":"https:\/\/techhub.wwf.ca\/fr\/wp-json\/wp\/v2\/pages\/1795\/revisions"}],"wp:attachment":[{"href":"https:\/\/techhub.wwf.ca\/fr\/wp-json\/wp\/v2\/media?parent=1795"}],"curies":[{"name":"wp","href":"https:\/\/api.w.org\/{rel}","templated":true}]}}