{"id":1829,"date":"2022-04-27T14:40:03","date_gmt":"2022-04-27T18:40:03","guid":{"rendered":"https:\/\/techhub.wwf.ca\/?page_id=1829"},"modified":"2022-05-03T14:04:02","modified_gmt":"2022-05-03T18:04:02","slug":"echnologies-de-conservation-especes","status":"publish","type":"page","link":"https:\/\/techhub.wwf.ca\/fr\/technologies-de-conservation-especes\/","title":{"rendered":"TECHNOLOGIES DE CONSERVATION DU WWF"},"content":{"rendered":"\n<h1>\n\t\tTECHNOLOGIES DE CONSERVATION DU WWF\n\t<\/h1>\n\t<p>La technologie transforme les fa\u00e7ons de faire dans le domaine de la conservation, au Canada et ailleurs dans le monde. Le WWF-Canada utilise les technologies de pointe en mati\u00e8re de science et d&#8217;ing\u00e9nierie, afin de contribuer \u00e0 la sauvegarde des esp\u00e8ces, des plus petites aux plus grandes.<\/p>\n<h6>\n\t\t\u00a9 DNPWC \/ WWF-Nepal\n\t<\/h6>\n\t\t\t\t<img loading=\"lazy\" decoding=\"async\" src=\"https:\/\/techhub.wwf.ca\/wp-content\/uploads\/sites\/5\/Divider-White-Dither.gif\" alt=\"A small line graphic\" itemprop=\"image\" height=\"28\" width=\"184\" onerror=\"this.style.display='none'\"  \/>\n<h5>\n\t\tPOUR L&#8217;AVENIR D&#8217;ESP\u00c8CES\n\t<\/h5>\n<h2>\n\t\tVoici comment la technologie peut transformer les pratiques de conservation pour assurer l&#8217;avenir des esp\u00e8ces.\n\t<\/h2>\n\t<p>Les changements climatiques, la pollution et la perte d&#8217;habitats exercent des pressions sur notre plan\u00e8te comme jamais auparavant. Les populations mondiales d&#8217;esp\u00e8ces ont chut\u00e9 de 60 % en moyenne depuis 1970. Du caribou de la toundra au b\u00e9luga du Saint-Laurent, la moiti\u00e9 des esp\u00e8ces contr\u00f4l\u00e9es du Canada ont connu un recul entre 1970 et 2014.<\/p>\n<p>La science et la technologie peuvent nous aider \u00e0 r\u00e9pondre aux enjeux environnementaux les plus complexes de la plan\u00e8te. Ces outils peuvent nous aider \u00e0 combler de graves lacunes en mati\u00e8re de donn\u00e9es, \u00e0 identifier les habitats les plus importants et \u00e0 utiliser ces connaissances afin de prot\u00e9ger la diversit\u00e9 exceptionnelle d&#8217;esp\u00e8ces au pays.<\/p>\n\t\t\t\t<img loading=\"lazy\" decoding=\"async\" src=\"https:\/\/techhub.wwf.ca\/wp-content\/uploads\/sites\/5\/Divider-White-Dither.gif\" alt=\"A small line graphic\" itemprop=\"image\" height=\"28\" width=\"184\" onerror=\"this.style.display='none'\"  \/>\n\t<p>Tous nos travaux li\u00e9s \u00e0 la technologie en mati\u00e8re de conservation sont men\u00e9s avec le plus grand soin, et dans le plus grand respect, pour \u00e9viter de perturber les esp\u00e8ces que nous soutenons, ou limiter toute perturbation au strict minimum. Ils sont le plus souvent effectu\u00e9s en collaboration avec des partenaires du milieu.<\/p>\n\t\t9\n\t\t\t\t\tNeuf types de technologies pour la conservation sont mises en \u0153uvre actuellement par le WWF-Canada.\n\t\t25\n\t\t\t\t\tOn compte 25 projets fond\u00e9s sur ces technologies parmi quatre de nos programmes.\n\t<p><img loading=\"lazy\" decoding=\"async\" role=\"img\" src=\"https:\/\/techhub.wwf.ca\/wp-content\/uploads\/sites\/5\/target.svg\" alt=\"\" width=\"65\" height=\"65\" \/>Cliquez sur la cible correspondante pour obtenir plus de d\u00e9tails sur la fa\u00e7on dont nous utilisons ces technologies dans le cadre de nos programmes de conservation.<\/p>\n\t\t\t<img decoding=\"async\" src=\"https:\/\/techhub.wwf.ca\/wp-content\/uploads\/sites\/5\/WWF-Technologies-Collage_Full-Background_REDUCED2.jpg\" alt=\"A close up image of the surface of water, with mountains in the background\"\/>\n\t\t\t\t\t\t<p>ARCTIQUE<\/p>\t\t\t\t\t\t\t\t\t\t\t\t\n\t\t\t\t\t\t\t<h5>ARCTIC<\/h5><p>Conservation drones and AI are helping us learn more about Canada&#8217;s magnificent Arctic species. Projects include aerial imagery for narwhal habitats, mapping polar bear denning sites, and determining critical nursery area for Canada&#8217;s most threatened beluga populations.<\/p>\t\t\t\t\t\t\t\t\t\t\t\t\t\n\t\t\t\t\t\t<p>SCIENCE ET INNOVATION<\/p>\t\t\t\t\t\t\t\t\t\t\t\t\n\t\t\t\t\t\t\t<h5>RESEARCH &amp; INNOVATION<\/h5><p>By creating three dimensional structures of an object, remote sensing technology has helped conservation projects ranging from mapping out carbon storage across Canada to forecasting habitat changes in the next 30 years.<\/p>\t\t\t\t\t\t\t\t\t\t\t\t\t\n\t\t\t\t\t\t<p>EAU DOUCE<\/p>\t\t\t\t\t\t\t\t\t\t\t\t\n\t\t\t\t\t\t\t<h5>FRESH WATER<\/h5><p>Machine learning and molecular genetics are determining water health, predicting potential spawning habitat for forage fish, and providing enhanced security for database management.<\/p>\t\t\t\t\t\t\t\t\t\t\t\t\t\n\t\t\t\t\t\t<p>OC\u00c9ANS<\/p>\t\t\t\t\t\t\t\t\t\t\t\t\n\t\t\t\t\t\t\t<h5>OCEANS<\/h5><p>Solar-powered hydrophones are monitoring marine mammals in real time. Data collected from this tool can help determine the presence of marine mammals, avoid future vessel strikes, and devise robust conservation strategies.<\/p>\t\t\t\t\t\t\t\t\t\t\t\t\t\n\t\t\t\t<img loading=\"lazy\" decoding=\"async\" src=\"https:\/\/techhub.wwf.ca\/wp-content\/uploads\/sites\/5\/Divider-Black-Dither.gif\" alt=\"A small line graphic\" itemprop=\"image\" height=\"28\" width=\"184\" onerror=\"this.style.display='none'\"  \/>\n<h5>\n\t\tJETEZ UN COUP D&#8217;\u0152IL \u00c0 NOS TECHNOLOGIES DE CONSERVATION.\n\t<\/h5>\n\t\t\t\t<img loading=\"lazy\" decoding=\"async\" src=\"https:\/\/techhub.wwf.ca\/wp-content\/uploads\/sites\/5\/Divider-White-Dither.gif\" alt=\"A small line graphic\" itemprop=\"image\" height=\"28\" width=\"184\" onerror=\"this.style.display='none'\"  \/>\n<h5>\n\t\tPASSEZ \u00c0 L&#8217;\u00c9TAPE SUIVANTE\n\t<\/h5>\n<h4>\n\t\tSoutenez l&#8217;avenir de la conservation de l&#8217;environnement\n\t<\/h4>\n\t\t\t<a href=\"http:\/\/www.wwf.ca\/donate\/\" target=\"_blank\" role=\"button\" rel=\"noopener\">\n\t\t\t\t\t\t\tDONNEZ MAINTENANT\n\t\t\t\t\t<\/a>\n\t\t\t\t<img loading=\"lazy\" decoding=\"async\" src=\"https:\/\/techhub.wwf.ca\/wp-content\/uploads\/sites\/5\/techline_ver_small_black.svg\" alt=\"A vertical line graphic\" itemprop=\"image\" height=\"96.405\" width=\"7.405\" height=\"240\" width=\"240\" height=\"640\" width=\"640\" height=\"1280\" width=\"1280\" title=\"techline_ver_small_black\" onerror=\"this.style.display='none'\"  \/>\n\t\t\t\t<img loading=\"lazy\" decoding=\"async\" src=\"https:\/\/techhub.wwf.ca\/wp-content\/uploads\/sites\/5\/techline_ver_small_black.svg\" alt=\"A vertical line graphic\" itemprop=\"image\" height=\"96.405\" width=\"7.405\" height=\"240\" width=\"240\" height=\"640\" width=\"640\" height=\"1280\" width=\"1280\" title=\"techline_ver_small_black\" onerror=\"this.style.display='none'\"  \/>\n<h4>\n\t\tParticipez au D\u00e9fi techno G\u00e9n\u00e9ration H2O\n\t<\/h4>\n\t\t\t<a href=\"https:\/\/techhub.wwf.ca\/generation-water\/\" target=\"_self\" role=\"button\" rel=\"noopener\">\n\t\t\t\t\t\t\tPLUS DE D\u00c9TAILS\n\t\t\t\t\t<\/a>\n<h5>\n\t\tRESTEZ CONNECT\u00c9E\n\t<\/h5>\n\t<p>Inscrivez-vous \u00e0 notre liste de diffusion par courriels pour en savoir plus sur notre important travail de conservation et sur les divers moyens d&#8217;aider. Nous respectons votre vie priv\u00e9e et vous pouvez vous d\u00e9sabonner \u00e0 tout moment.<\/p>\n\t\n        <form name=\"survey_2360\" id=\"survey_2360\" method=\"POST\" action=\"https:\/\/secure.wwf.ca\/site\/SSurvey?ACTION_REQUIRED=URI_ACTION_USER_REQUESTS&SURVEY_ID=2360&s_locale=fr_CA&amp;NEXTURL=https:\/\/techhub.wwf.ca\/fr\/infolettre-merci\/\" data-trp-original-action=\"https:\/\/secure.wwf.ca\/site\/SSurvey?ACTION_REQUIRED=URI_ACTION_USER_REQUESTS&SURVEY_ID=2360&s_locale=en_CA&NEXTURL=https:\/\/techhub.wwf.ca\/fr\/infolettre-merci\/\">\n\n\n\t        <div class=\"appArea\">\n            <table width=\"100%\" border=\"0\" cellspacing=\"4\" cellpadding=\"0\">\n                <tbody>\n                    <tr valign=\"top\" class=\"old-school\">\n                        <td>\n                            <style type=\"text\/css\">\n                                <!--\n                                \/* Hide hidden email opt-in alert *\/\n                                .AutoOptInWarningMessage {\n                                    display: none;\n                                }\n\n                                \/* Hide Remember Me *\/\n                                input#s_rememberMe {\n                                    display: none;\n                                }\n\n                                input#remember_me_opt_in_requested+label {\n                                    display: none;\n                                }\n\n                                a#whats_this_link {\n                                    display: none;\n                                }\n\n                                .pcodeinfo {\n                                    display: block;\n                                    color: #999999;\n                                    font-size: 13px;\n                                    line-height: 1.1;\n                                    margin-top: 5px;\n                                }\n\n                                input#reset.Button {\n                                    display: none;\n                                }\n\n                                input#ACTION_CANCEL_RESPONSE_SUBMIT.Button {\n                                    display: none;\n\n                                }\n\n                                div.container {\n                                    padding-top: 30px;\n                                    padding-bottom: 50px;\n                                }\n\n                                input#reset.Button {\n                                    display: none;\n                                }\n\n                                input#ACTION_CANCEL_RESPONSE_SUBMIT.Button {\n                                    display: none;\n\n                                }\n\n                                H3.ObjTitle {\n                                    display: none;\n                                }\n                                -->\n                            <\/style>\n                            <script type=\"text\/javascript\">\n                                \/\/ <![CDATA[\n                                Y.use('jquery-noconflict', function() {\n                                    jQuery(function($) {\n                                        $(\"<span class='pcodeinfo'>WWF is collecting postal codes so we can send you news and invitations most relevant to your area.<\/span>\").insertAfter('input#cons_zip_code');\n\n                                        $('.AutoOptInWarningMessage').closest('tr').hide();\n                                        $('input#s_rememberMe').closest('tr').hide();\n                                    });\n                                });\n                                \/\/ ]]>\n                            <\/script>\n                        <\/td>\n                    <\/tr>\n                    <tr valign=\"top\" class=\"old-school\">\n                        <td>\n                            <table border=\"0\" cellspacing=\"4\" cellpadding=\"0\">\n                                <tbody>\n                                    <tr style=\"position:absolute;left:-9999px\">\n                                        <td colspan=\"3\">\n                                            <input type=\"hidden\" name=\"cons_info_component\" id=\"cons_info_component\" value=\"t\">\n                                        <\/td>\n                                    <\/tr>\n                                    <tr valign=\"bottom\">\n                                        <td>\n                                            <p><label for=\"cons_first_name\">First Name:: <span style=\"position:absolute;left:-9999px\">Required<\/span><\/label><\/p>\n                                        <\/td>\n                                        <td class=\"NetscapeFix\">\n                                            <input type=\"text\" name=\"cons_first_name\" id=\"cons_first_name\" value=\"\" size=\"32\" maxlength=\"50\" autocomplete=\"off\">\n                                        <\/td>\n                                    <\/tr>\n                                    <tr valign=\"bottom\">\n                                        <td>\n                                            <p><label for=\"cons_last_name\">Last Name: <span style=\"position:absolute;left:-9999px\">Required<\/span><\/label><\/p>\n                                        <\/td>\n                                        <td class=\"NetscapeFix\">\n                                            <input type=\"text\" name=\"cons_last_name\" id=\"cons_last_name\" value=\"\" size=\"32\" maxlength=\"50\" autocomplete=\"off\">\n                                        <\/td>\n                                    <\/tr>\n                                    <tr>\n                                        <td nowrap=\"nowrap\">\n                                            <p><label for=\"cons_email\">Email: <span style=\"position:absolute;left:-9999px\">Required<\/span><\/label><\/p>\n                                        <\/td>\n                                        <td>\n                                            <input type=\"email\" name=\"cons_email\" id=\"cons_email\" value=\"\" size=\"32\" maxlength=\"255\">\n                                        <\/td>\n                                    <\/tr>\n                                    <tr valign=\"bottom\">\n                                        <td>\n                                            <p><label for=\"cons_zip_code\">Postal Code: <span style=\"position:absolute;left:-9999px\">Required<\/span><\/label><\/p>\n                                        <\/td>\n                                        <td>\n                                            <input type=\"text\" name=\"cons_zip_code\" id=\"cons_zip_code\" value=\"\" size=\"15\" maxlength=\"40\" autocomplete=\"off\">\n                                        <\/td>\n                                    <\/tr>\n                                    <tr>\n                                        <td colspan=\"2\">\n                                            <p class=\"AutoOptInWarningMessage pcode_txt\">WWF Canada is collecting postal codes so we can send you news and invitations most relevant to your area.<\/p>\n                                        <\/td>\n                                    <\/tr>\n                                <\/tbody>\n                            <\/table>\n                        <\/td>\n                    <\/tr>\n                    <tr valign=\"top\" class=\"old-school\">\n\n\n                        <input type=\"hidden\" name=\"4381_2360_4_2889\" id=\"4381_2360_4_2889_1\" value=\"1061\">\n\n                        <input type=\"hidden\" name=\"4381_2360_4_2889\" id=\"4381_2360_4_2889_2\" value=\"1021\">\n\n                        <input type=\"hidden\" name=\"4381_2360_4_2889\" id=\"4381_2360_4_2889_3\" value=\"1030\">\n\n                        <input type=\"hidden\" name=\"4381_2360_4_2889\" id=\"4381_2360_4_2889_4\" value=\"1281\">\n\n                        <input type=\"hidden\" name=\"4381_2360_4_2889\" id=\"4381_2360_4_2889_5\" value=\"1029\">\n\n                        <input type=\"hidden\" name=\"4381_2360_4_2889\" id=\"4381_2360_4_2889_6\" value=\"1341\">\n\n\n                    <\/tr>\n                <\/tbody>\n            <\/table>\n        <\/div>\n        <div style=\"display:none\">\n            <label for=\"denySubmit\">Spam Control Text:<\/label>&nbsp;\n            <input type=\"text\" name=\"denySubmit\" id=\"denySubmit\" value=\"\" alt=\"This field is used to prevent form submission by scripts.\" autocomplete=\"off\">&nbsp;Please leave this field empty\n        <\/div>\n\n        <div class=\"appArea\">\n            <p>\n                <input type=\"submit\" name=\"ACTION_SUBMIT_SURVEY_RESPONSE\" id=\"ACTION_SUBMIT_SURVEY_RESPONSE\" value=\"Sign me up\" class=\"Button wpforms-submit nl_submit\">\n            <\/p>\n        <\/div>\n\n        <input type=\"hidden\" name=\"SURVEY_ID\" id=\"SURVEY_ID\" value=\"2360\">\n\n    <\/form>\n\n    \n\t<p>\u00a9 naturepl.com \/ Andy Rouse \/ WWF<\/p>\n\n","protected":false},"excerpt":{"rendered":"<p>TECHNOLOGIES DE CONSERVATION DU WWF La technologie transforme les fa\u00e7ons de faire dans le domaine de la conservation, au Canada et ailleurs dans le monde. Le WWF-Canada utilise les technologies de pointe en mati\u00e8re de science et d&#8217;ing\u00e9nierie, afin de contribuer \u00e0 la sauvegarde des esp\u00e8ces, des plus petites aux plus grandes. \u00a9 DNPWC \/&hellip;<\/p>\n","protected":false},"author":103538,"featured_media":1833,"parent":0,"menu_order":0,"comment_status":"closed","ping_status":"closed","template":"","meta":{"footnotes":""},"class_list":["post-1829","page","type-page","status-publish","has-post-thumbnail","hentry"],"acf":[],"_links":{"self":[{"href":"https:\/\/techhub.wwf.ca\/fr\/wp-json\/wp\/v2\/pages\/1829","targetHints":{"allow":["GET"]}}],"collection":[{"href":"https:\/\/techhub.wwf.ca\/fr\/wp-json\/wp\/v2\/pages"}],"about":[{"href":"https:\/\/techhub.wwf.ca\/fr\/wp-json\/wp\/v2\/types\/page"}],"author":[{"embeddable":true,"href":"https:\/\/techhub.wwf.ca\/fr\/wp-json\/wp\/v2\/users\/103538"}],"replies":[{"embeddable":true,"href":"https:\/\/techhub.wwf.ca\/fr\/wp-json\/wp\/v2\/comments?post=1829"}],"version-history":[{"count":0,"href":"https:\/\/techhub.wwf.ca\/fr\/wp-json\/wp\/v2\/pages\/1829\/revisions"}],"wp:featuredmedia":[{"embeddable":true,"href":"https:\/\/techhub.wwf.ca\/fr\/wp-json\/wp\/v2\/media\/1833"}],"wp:attachment":[{"href":"https:\/\/techhub.wwf.ca\/fr\/wp-json\/wp\/v2\/media?parent=1829"}],"curies":[{"name":"wp","href":"https:\/\/api.w.org\/{rel}","templated":true}]}}