{"id":1899,"date":"2022-05-03T12:14:32","date_gmt":"2022-05-03T16:14:32","guid":{"rendered":"https:\/\/techhub.wwf.ca\/?page_id=1899"},"modified":"2022-05-03T12:21:03","modified_gmt":"2022-05-03T16:21:03","slug":"our-partners-copy","status":"publish","type":"page","link":"https:\/\/techhub.wwf.ca\/fr\/nos-partenaires\/","title":{"rendered":"NOS PARTENAIRES"},"content":{"rendered":"\n<h1>\n\t\tNOS PARTENAIRES\n\t<\/h1>\n\t<p>\u00a0\u00a9 Peter Ewins \/ WWF-Canada<\/p>\n\t\t\t\t<img loading=\"lazy\" decoding=\"async\" src=\"https:\/\/techhub.wwf.ca\/wp-content\/uploads\/sites\/5\/Divider-White-Dither.gif\" alt=\"A small line graphic\" itemprop=\"image\" height=\"28\" width=\"184\" onerror=\"this.style.display='none'\"  \/>\n<h5>\n\t\tNOS PARTENAIRES EN MATI\u00c8RE DE CONSERVATION\n\t<\/h5>\n\t<p>Le P\u00f4le techno Plan\u00e8te vivante regroupe les projets de conservation du WWF-Canada fond\u00e9s sur la haute technologie, qui sont rendus possibles par des partenariats avec des chefs de file canadiens en innovation.<\/p>\n\t\t\t<a href=\"#partner-with-us\" target=\"_self\" role=\"button\" rel=\"noopener\">\n\t\t\t\t\t\t\tDEVENEZ L&#8217;UN DE NOS PARTENAIRES\n\t\t\t\t\t<\/a>\n\t\t\t\t<img loading=\"lazy\" decoding=\"async\" src=\"https:\/\/techhub.wwf.ca\/wp-content\/uploads\/sites\/5\/Divider-Black-Dither.gif\" alt=\"A small line graphic\" itemprop=\"image\" height=\"28\" width=\"184\" onerror=\"this.style.display='none'\"  \/>\n<h5>\n\t\tIN THIS TOGETHER\n\t<\/h5>\n\t\t\t\t<img loading=\"lazy\" decoding=\"async\" src=\"https:\/\/techhub.wwf.ca\/wp-content\/uploads\/sites\/5\/wwwtc_logo.svg\" alt=\"WWF Canada - Living Planet Technology Hub\" itemprop=\"image\" height=\"120.194\" width=\"307.913\" height=\"240\" width=\"240\" height=\"640\" width=\"640\" height=\"1280\" width=\"1280\" title=\"wwwtc_logo\" onerror=\"this.style.display='none'\"  \/>\n\t<p>WWF-Canada creates solutions to the environmental challenges that matter most for Canadians. We work in places that are unique and ecologically important, so that nature, wildlife and people thrive together. Because we are all wildlife. For more information, visit <a href=\"http:\/\/wwf.ca\/\">wwf.ca<\/a>.<\/p>\n\t\t\t\t<img loading=\"lazy\" decoding=\"async\" src=\"https:\/\/techhub.wwf.ca\/wp-content\/uploads\/sites\/5\/techline_ver1_blue.svg\" alt=\"techline_ver1_blue\" itemprop=\"image\" height=\"244.047\" width=\"7.405\" height=\"240\" width=\"240\" height=\"640\" width=\"640\" height=\"1280\" width=\"1280\" title=\"techline_ver1_blue\" onerror=\"this.style.display='none'\"  \/>\n\t\t\t\t<img loading=\"lazy\" decoding=\"async\" src=\"https:\/\/techhub.wwf.ca\/wp-content\/uploads\/sites\/5\/techline_ver1_blue.svg\" alt=\"techline_ver1_blue\" itemprop=\"image\" height=\"244.047\" width=\"7.405\" height=\"240\" width=\"240\" height=\"640\" width=\"640\" height=\"1280\" width=\"1280\" title=\"techline_ver1_blue\" onerror=\"this.style.display='none'\"  \/>\n\t\t\t\t<img loading=\"lazy\" decoding=\"async\" src=\"https:\/\/techhub.wwf.ca\/wp-content\/uploads\/sites\/5\/rbc-poweredby-logo.svg\" alt=\"rbc-poweredby-logo\" itemprop=\"image\" height=\"93.349\" width=\"181.224\" height=\"240\" width=\"240\" height=\"640\" width=\"640\" height=\"1280\" width=\"1280\" title=\"rbc-poweredby-logo\" onerror=\"this.style.display='none'\"  \/>\n\t<p>Royal Bank of Canada is a global financial institution with a purpose-driven, principles-led approach to delivering leading performance. Our success comes from the 86,000+ employees who bring our vision, values and strategy to life so we can help our clients thrive and communities prosper. As Canada&#8217;s biggest bank, and one of the largest in the world based on market capitalization, we have a diversified business model with a focus on innovation and providing exceptional experiences to more than 16 million clients in Canada, the U.S. and 34 other countries. Learn more at <a href=\"https:\/\/www.rbc.com\/about-rbc.html\" target=\"_blank\" rel=\"noopener\">rbc.com<\/a>.\u200e<\/p>\n<p>We are proud to support a broad range of community initiatives through donations, community investments and employee volunteer activities. See how at <a href=\"https:\/\/www.rbc.com\/community-social-impact\/index.html\" target=\"_blank\" rel=\"noopener\">rbc.com\/community-sustainability<\/a>.<\/p>\n\t\t\t\t<img loading=\"lazy\" decoding=\"async\" src=\"https:\/\/techhub.wwf.ca\/wp-content\/uploads\/sites\/5\/Divider-White-Dither.gif\" alt=\"A small line graphic\" itemprop=\"image\" height=\"28\" width=\"184\" onerror=\"this.style.display='none'\"  \/>\n<h5>\n\t\tCommanditaires\n\t<\/h5>\n\t\t\t\t<img loading=\"lazy\" decoding=\"async\" src=\"https:\/\/techhub.wwf.ca\/wp-content\/uploads\/sites\/5\/partners-wwf-nepal.jpg\" alt=\"WWF Nepal Logo\" itemprop=\"image\" height=\"353\" width=\"500\" title=\"partners-wwf-nepal\" onerror=\"this.style.display='none'\"  \/>\n\t\t\t\t<img loading=\"lazy\" decoding=\"async\" src=\"https:\/\/techhub.wwf.ca\/wp-content\/uploads\/sites\/5\/partners-atlantic-water-network.jpg\" alt=\"Atlantic water network logo\" itemprop=\"image\" height=\"353\" width=\"500\" title=\"partners-atlantic-water-network\" onerror=\"this.style.display='none'\"  \/>\n\t\t\t\t<img loading=\"lazy\" decoding=\"async\" src=\"https:\/\/techhub.wwf.ca\/wp-content\/uploads\/sites\/5\/partners-genome-foundation.jpg\" alt=\"Genome Canada Logo\" itemprop=\"image\" height=\"353\" width=\"500\" title=\"partners-genome-foundation\" onerror=\"this.style.display='none'\"  \/>\n\t\t\t\t<img loading=\"lazy\" decoding=\"async\" src=\"https:\/\/techhub.wwf.ca\/wp-content\/uploads\/sites\/5\/partners-u-of-guelph.jpg\" alt=\"University of Guelph Logo\" itemprop=\"image\" height=\"353\" width=\"500\" title=\"partners-u-of-guelph\" onerror=\"this.style.display='none'\"  \/>\n\t\t\t\t<img loading=\"lazy\" decoding=\"async\" src=\"https:\/\/techhub.wwf.ca\/wp-content\/uploads\/sites\/5\/partner-stream.jpg\" alt=\"STREAM logo\" itemprop=\"image\" height=\"353\" width=\"500\" title=\"partner-stream\" onerror=\"this.style.display='none'\"  \/>\n\t\t\t\t<img loading=\"lazy\" decoding=\"async\" src=\"https:\/\/techhub.wwf.ca\/wp-content\/uploads\/sites\/5\/partners-living-lakes-canada.jpg\" alt=\"Living Lakes Canada Logo\" itemprop=\"image\" height=\"353\" width=\"500\" title=\"partners-living-lakes-canada\" onerror=\"this.style.display='none'\"  \/>\n\t\t\t\t<img loading=\"lazy\" decoding=\"async\" src=\"https:\/\/techhub.wwf.ca\/wp-content\/uploads\/sites\/5\/partners-biodiversity-genomics.jpg\" alt=\"Centre for biodiversity genomics logo\" itemprop=\"image\" height=\"353\" width=\"500\" title=\"partners-biodiversity-genomics\" onerror=\"this.style.display='none'\"  \/>\n\t\t\t\t<img loading=\"lazy\" decoding=\"async\" src=\"https:\/\/techhub.wwf.ca\/wp-content\/uploads\/sites\/5\/partner-lgl.jpg\" alt=\"LGL Logo\" itemprop=\"image\" height=\"353\" width=\"500\" title=\"partner-lgl\" onerror=\"this.style.display='none'\"  \/>\n\t\t\t\t<img loading=\"lazy\" decoding=\"async\" src=\"https:\/\/techhub.wwf.ca\/wp-content\/uploads\/sites\/5\/partners-mcmaster.jpg\" alt=\"McMaster University Logo\" itemprop=\"image\" height=\"353\" width=\"500\" title=\"partners-mcmaster\" onerror=\"this.style.display='none'\"  \/>\n\t\t\t\t<img loading=\"lazy\" decoding=\"async\" src=\"https:\/\/techhub.wwf.ca\/wp-content\/uploads\/sites\/5\/partner-ubc.jpg\" alt=\"UBC Logo\" itemprop=\"image\" height=\"353\" width=\"500\" title=\"partner-ubc\" onerror=\"this.style.display='none'\"  \/>\n\t\t\t\t<img loading=\"lazy\" decoding=\"async\" src=\"https:\/\/techhub.wwf.ca\/wp-content\/uploads\/sites\/5\/partner-vdos.jpg\" alt=\"VDOS Logo\" itemprop=\"image\" height=\"353\" width=\"500\" title=\"partner-vdos\" onerror=\"this.style.display='none'\"  \/>\n\t\t\t\t<img loading=\"lazy\" decoding=\"async\" src=\"https:\/\/techhub.wwf.ca\/wp-content\/uploads\/sites\/5\/partners-gordon-foundation.jpg\" alt=\"The gordon foundation logo\" itemprop=\"image\" height=\"353\" width=\"500\" title=\"partners-gordon-foundation\" onerror=\"this.style.display='none'\"  \/>\n\t\t\t\t<img loading=\"lazy\" decoding=\"async\" src=\"https:\/\/techhub.wwf.ca\/wp-content\/uploads\/sites\/5\/partners-climate-ventures.jpg\" alt=\"Climate ventures logo\" itemprop=\"image\" height=\"353\" width=\"500\" title=\"partners-climate-ventures\" onerror=\"this.style.display='none'\"  \/>\n\t\t\t\t<img loading=\"lazy\" decoding=\"async\" src=\"https:\/\/techhub.wwf.ca\/wp-content\/uploads\/sites\/5\/partners-csi.jpg\" alt=\"Centre for social innovation logo\" itemprop=\"image\" height=\"353\" width=\"500\" title=\"partners-csi\" onerror=\"this.style.display='none'\"  \/>\n\t\t\t\t<img loading=\"lazy\" decoding=\"async\" src=\"https:\/\/techhub.wwf.ca\/wp-content\/uploads\/sites\/5\/partner-canada-fisheries.jpg\" alt=\"Fisheries and Oceans Canada logo\" itemprop=\"image\" height=\"353\" width=\"500\" title=\"partner-canada-fisheries\" onerror=\"this.style.display='none'\"  \/>\n\t\t\t\t<img loading=\"lazy\" decoding=\"async\" src=\"https:\/\/techhub.wwf.ca\/wp-content\/uploads\/sites\/5\/partner-environment-canada.jpg\" alt=\"Environment and Climate Change Canada Logo\" itemprop=\"image\" height=\"353\" width=\"500\" title=\"partner-environment-canada\" onerror=\"this.style.display='none'\"  \/>\n\t<p>\u00a9 Teo Lucas \/ Gigante Azul \/ WWF<\/p>\n\t\t\t\t<img loading=\"lazy\" decoding=\"async\" src=\"https:\/\/techhub.wwf.ca\/wp-content\/uploads\/sites\/5\/Divider-White-Dither.gif\" alt=\"A small line graphic\" itemprop=\"image\" height=\"28\" width=\"184\" onerror=\"this.style.display='none'\"  \/>\n<h5>\n\t\tDEVENEZ L&#8217;UN DE NOS PARTENAIRES\n\t<\/h5>\n<h4>\n\t\tPour toute possibilit\u00e9 de partenariat visant \u00e0 faire avancer des projets de conservation ayant un grand impact au moyen de solutions technologiques, communiquez avec nous :\n\t<\/h4>\n\t<div class=\"wpforms-container wpforms-container-full form_join_newsletter\" id=\"wpforms-1903\"><form id=\"wpforms-form-1903\" class=\"wpforms-validate wpforms-form\" data-formid=\"1903\" method=\"post\" enctype=\"multipart\/form-data\" action=\"\/fr\/wp-json\/wp\/v2\/pages\/1899\" data-token=\"148683877fa593c8f7b7d27cdff3651b\"><noscript class=\"wpforms-error-noscript\">Veuillez activer JavaScript dans votre navigateur pour remplir ce formulaire.<\/noscript><div class=\"wpforms-field-container\"><div id=\"wpforms-1903-field_4-container\" class=\"wpforms-field wpforms-field-text wpforms-one-half wpforms-first\" data-field-id=\"4\"><label class=\"wpforms-field-label\" for=\"wpforms-1903-field_4\">Pr\u00e9nom <span class=\"wpforms-required-label\">*<\/span><\/label><input type=\"text\" id=\"wpforms-1903-field_4\" class=\"wpforms-field-large wpforms-field-required\" name=\"wpforms[fields][4]\" required><\/div><div id=\"wpforms-1903-field_5-container\" class=\"wpforms-field wpforms-field-text wpforms-one-half\" data-field-id=\"5\"><label class=\"wpforms-field-label\" for=\"wpforms-1903-field_5\">Nom de famille <span class=\"wpforms-required-label\">*<\/span><\/label><input type=\"text\" id=\"wpforms-1903-field_5\" class=\"wpforms-field-large wpforms-field-required\" name=\"wpforms[fields][5]\" required><\/div><div id=\"wpforms-1903-field_7-container\" class=\"wpforms-field wpforms-field-text\" data-field-id=\"7\"><label class=\"wpforms-field-label\" for=\"wpforms-1903-field_7\">Organisation<\/label><input type=\"text\" id=\"wpforms-1903-field_7\" class=\"wpforms-field-large\" name=\"wpforms[fields][7]\" ><\/div><div id=\"wpforms-1903-field_1-container\" class=\"wpforms-field wpforms-field-email wpforms-one-half wpforms-first\" data-field-id=\"1\"><label class=\"wpforms-field-label\" for=\"wpforms-1903-field_1\">corriel <span class=\"wpforms-required-label\">*<\/span><\/label><input type=\"email\" id=\"wpforms-1903-field_1\" class=\"wpforms-field-large wpforms-field-required\" name=\"wpforms[fields][1]\" required><\/div><div id=\"wpforms-1903-field_6-container\" class=\"wpforms-field wpforms-field-phone wpforms-one-half\" data-field-id=\"6\"><label class=\"wpforms-field-label\" for=\"wpforms-1903-field_6\">Num\u00e9ro de t\u00e9l\u00e9phone <span class=\"wpforms-required-label\">*<\/span><\/label><input type=\"tel\" id=\"wpforms-1903-field_6\" class=\"wpforms-field-large wpforms-field-required wpforms-smart-phone-field\" data-rule-smart-phone-field=\"true\" name=\"wpforms[fields][6]\" required><\/div><div id=\"wpforms-1903-field_8-container\" class=\"wpforms-field wpforms-field-textarea\" data-field-id=\"8\"><label class=\"wpforms-field-label\" for=\"wpforms-1903-field_8\">Message <span class=\"wpforms-required-label\">*<\/span><\/label><textarea id=\"wpforms-1903-field_8\" class=\"wpforms-field-medium wpforms-field-required\" name=\"wpforms[fields][8]\" required><\/textarea><\/div><div id=\"wpforms-1903-field_9-container\" class=\"wpforms-field wpforms-field-gdpr-checkbox\" data-field-id=\"9\"><ul id=\"wpforms-1903-field_9\" class=\"wpforms-field-required\"><li class=\"choice-1\"><input type=\"checkbox\" id=\"wpforms-1903-field_9_1\" name=\"wpforms[fields][9][]\" value=\"Je consens \u00e0 ce que ce site Web stocke mes informations soumises afin qu&#039;elles puissent r\u00e9pondre \u00e0 ma demande. \" required ><label class=\"wpforms-field-label-inline\" for=\"wpforms-1903-field_9_1\">Je consens \u00e0 ce que ce site Web stocke mes informations soumises afin qu'elles puissent r\u00e9pondre \u00e0 ma demande.  <span class=\"wpforms-required-label\">*<\/span><\/label><\/li><\/ul><\/div><\/div><div class=\"wpforms-field wpforms-field-hp\"><label for=\"wpforms-1903-field-hp\" class=\"wpforms-field-label\">Name<\/label><input type=\"text\" name=\"wpforms[hp]\" id=\"wpforms-1903-field-hp\" class=\"wpforms-field-medium\"><\/div><div class=\"wpforms-recaptcha-container\" ><div class=\"g-recaptcha\" data-sitekey=\"6Lf3j8kZAAAAAKXdYf_C7Cs7JcCVL19lhLk23Kkx\"><\/div><input type=\"text\" name=\"g-recaptcha-hidden\" class=\"wpforms-recaptcha-hidden\" style=\"position:absolute!important;clip:rect(0,0,0,0)!important;height:1px!important;width:1px!important;border:0!important;overflow:hidden!important;padding:0!important;margin:0!important;\" required><\/div><div class=\"wpforms-submit-container\" ><input type=\"hidden\" name=\"wpforms[id]\" value=\"1903\"><input type=\"hidden\" name=\"wpforms[author]\" value=\"103538\"><button type=\"submit\" name=\"wpforms[submit]\" class=\"wpforms-submit \" id=\"wpforms-submit-1903\" value=\"wpforms-submit\" aria-live=\"assertive\" data-alt-text=\"Sending...\" data-submit-text=\"SOUMETTRE\">SOUMETTRE<\/button><\/div><\/form><\/div>  <!-- .wpforms-container -->\n<h5>\n\t\tRESTEZ CONNECT\u00c9E\n\t<\/h5>\n\t<p>Inscrivez-vous \u00e0 notre liste de diffusion par courriels pour en savoir plus sur notre important travail de conservation et sur les divers moyens d&#8217;aider. Nous respectons votre vie priv\u00e9e et vous pouvez vous d\u00e9sabonner \u00e0 tout moment.<\/p>\n\t\n        <form name=\"survey_2360\" id=\"survey_2360\" method=\"POST\" action=\"https:\/\/secure.wwf.ca\/site\/SSurvey?ACTION_REQUIRED=URI_ACTION_USER_REQUESTS&SURVEY_ID=2360&s_locale=fr_CA&amp;NEXTURL=https:\/\/techhub.wwf.ca\/fr\/infolettre-merci\/\" data-trp-original-action=\"https:\/\/secure.wwf.ca\/site\/SSurvey?ACTION_REQUIRED=URI_ACTION_USER_REQUESTS&SURVEY_ID=2360&s_locale=en_CA&NEXTURL=https:\/\/techhub.wwf.ca\/fr\/infolettre-merci\/\">\n\n\n\t        <div class=\"appArea\">\n            <table width=\"100%\" border=\"0\" cellspacing=\"4\" cellpadding=\"0\">\n                <tbody>\n                    <tr valign=\"top\" class=\"old-school\">\n                        <td>\n                            <style type=\"text\/css\">\n                                <!--\n                                \/* Hide hidden email opt-in alert *\/\n                                .AutoOptInWarningMessage {\n                                    display: none;\n                                }\n\n                                \/* Hide Remember Me *\/\n                                input#s_rememberMe {\n                                    display: none;\n                                }\n\n                                input#remember_me_opt_in_requested+label {\n                                    display: none;\n                                }\n\n                                a#whats_this_link {\n                                    display: none;\n                                }\n\n                                .pcodeinfo {\n                                    display: block;\n                                    color: #999999;\n                                    font-size: 13px;\n                                    line-height: 1.1;\n                                    margin-top: 5px;\n                                }\n\n                                input#reset.Button {\n                                    display: none;\n                                }\n\n                                input#ACTION_CANCEL_RESPONSE_SUBMIT.Button {\n                                    display: none;\n\n                                }\n\n                                div.container {\n                                    padding-top: 30px;\n                                    padding-bottom: 50px;\n                                }\n\n                                input#reset.Button {\n                                    display: none;\n                                }\n\n                                input#ACTION_CANCEL_RESPONSE_SUBMIT.Button {\n                                    display: none;\n\n                                }\n\n                                H3.ObjTitle {\n                                    display: none;\n                                }\n                                -->\n                            <\/style>\n                            <script type=\"text\/javascript\">\n                                \/\/ <![CDATA[\n                                Y.use('jquery-noconflict', function() {\n                                    jQuery(function($) {\n                                        $(\"<span class='pcodeinfo'>WWF is collecting postal codes so we can send you news and invitations most relevant to your area.<\/span>\").insertAfter('input#cons_zip_code');\n\n                                        $('.AutoOptInWarningMessage').closest('tr').hide();\n                                        $('input#s_rememberMe').closest('tr').hide();\n                                    });\n                                });\n                                \/\/ ]]>\n                            <\/script>\n                        <\/td>\n                    <\/tr>\n                    <tr valign=\"top\" class=\"old-school\">\n                        <td>\n                            <table border=\"0\" cellspacing=\"4\" cellpadding=\"0\">\n                                <tbody>\n                                    <tr style=\"position:absolute;left:-9999px\">\n                                        <td colspan=\"3\">\n                                            <input type=\"hidden\" name=\"cons_info_component\" id=\"cons_info_component\" value=\"t\">\n                                        <\/td>\n                                    <\/tr>\n                                    <tr valign=\"bottom\">\n                                        <td>\n                                            <p><label for=\"cons_first_name\">First Name:: <span style=\"position:absolute;left:-9999px\">Required<\/span><\/label><\/p>\n                                        <\/td>\n                                        <td class=\"NetscapeFix\">\n                                            <input type=\"text\" name=\"cons_first_name\" id=\"cons_first_name\" value=\"\" size=\"32\" maxlength=\"50\" autocomplete=\"off\">\n                                        <\/td>\n                                    <\/tr>\n                                    <tr valign=\"bottom\">\n                                        <td>\n                                            <p><label for=\"cons_last_name\">Last Name: <span style=\"position:absolute;left:-9999px\">Required<\/span><\/label><\/p>\n                                        <\/td>\n                                        <td class=\"NetscapeFix\">\n                                            <input type=\"text\" name=\"cons_last_name\" id=\"cons_last_name\" value=\"\" size=\"32\" maxlength=\"50\" autocomplete=\"off\">\n                                        <\/td>\n                                    <\/tr>\n                                    <tr>\n                                        <td nowrap=\"nowrap\">\n                                            <p><label for=\"cons_email\">Email: <span style=\"position:absolute;left:-9999px\">Required<\/span><\/label><\/p>\n                                        <\/td>\n                                        <td>\n                                            <input type=\"email\" name=\"cons_email\" id=\"cons_email\" value=\"\" size=\"32\" maxlength=\"255\">\n                                        <\/td>\n                                    <\/tr>\n                                    <tr valign=\"bottom\">\n                                        <td>\n                                            <p><label for=\"cons_zip_code\">Postal Code: <span style=\"position:absolute;left:-9999px\">Required<\/span><\/label><\/p>\n                                        <\/td>\n                                        <td>\n                                            <input type=\"text\" name=\"cons_zip_code\" id=\"cons_zip_code\" value=\"\" size=\"15\" maxlength=\"40\" autocomplete=\"off\">\n                                        <\/td>\n                                    <\/tr>\n                                    <tr>\n                                        <td colspan=\"2\">\n                                            <p class=\"AutoOptInWarningMessage pcode_txt\">WWF Canada is collecting postal codes so we can send you news and invitations most relevant to your area.<\/p>\n                                        <\/td>\n                                    <\/tr>\n                                <\/tbody>\n                            <\/table>\n                        <\/td>\n                    <\/tr>\n                    <tr valign=\"top\" class=\"old-school\">\n\n\n                        <input type=\"hidden\" name=\"4381_2360_4_2889\" id=\"4381_2360_4_2889_1\" value=\"1061\">\n\n                        <input type=\"hidden\" name=\"4381_2360_4_2889\" id=\"4381_2360_4_2889_2\" value=\"1021\">\n\n                        <input type=\"hidden\" name=\"4381_2360_4_2889\" id=\"4381_2360_4_2889_3\" value=\"1030\">\n\n                        <input type=\"hidden\" name=\"4381_2360_4_2889\" id=\"4381_2360_4_2889_4\" value=\"1281\">\n\n                        <input type=\"hidden\" name=\"4381_2360_4_2889\" id=\"4381_2360_4_2889_5\" value=\"1029\">\n\n                        <input type=\"hidden\" name=\"4381_2360_4_2889\" id=\"4381_2360_4_2889_6\" value=\"1341\">\n\n\n                    <\/tr>\n                <\/tbody>\n            <\/table>\n        <\/div>\n        <div style=\"display:none\">\n            <label for=\"denySubmit\">Spam Control Text:<\/label>&nbsp;\n            <input type=\"text\" name=\"denySubmit\" id=\"denySubmit\" value=\"\" alt=\"This field is used to prevent form submission by scripts.\" autocomplete=\"off\">&nbsp;Please leave this field empty\n        <\/div>\n\n        <div class=\"appArea\">\n            <p>\n                <input type=\"submit\" name=\"ACTION_SUBMIT_SURVEY_RESPONSE\" id=\"ACTION_SUBMIT_SURVEY_RESPONSE\" value=\"Sign me up\" class=\"Button wpforms-submit nl_submit\">\n            <\/p>\n        <\/div>\n\n        <input type=\"hidden\" name=\"SURVEY_ID\" id=\"SURVEY_ID\" value=\"2360\">\n\n    <\/form>\n\n    \n\t<p>\u00a9 naturepl.com \/ Andy Rouse \/ WWF<\/p>\n\n","protected":false},"excerpt":{"rendered":"<p>NOS PARTENAIRES \u00a0\u00a9 Peter Ewins \/ WWF-Canada NOS PARTENAIRES EN MATI\u00c8RE DE CONSERVATION Le P\u00f4le techno Plan\u00e8te vivante regroupe les projets de conservation du WWF-Canada fond\u00e9s sur la haute technologie, qui sont rendus possibles par des partenariats avec des chefs de file canadiens en innovation. DEVENEZ L&#8217;UN DE NOS PARTENAIRES IN THIS TOGETHER WWF-Canada creates&hellip;<\/p>\n","protected":false},"author":103538,"featured_media":527,"parent":0,"menu_order":0,"comment_status":"closed","ping_status":"closed","template":"","meta":{"footnotes":""},"class_list":["post-1899","page","type-page","status-publish","has-post-thumbnail","hentry"],"acf":[],"_links":{"self":[{"href":"https:\/\/techhub.wwf.ca\/fr\/wp-json\/wp\/v2\/pages\/1899","targetHints":{"allow":["GET"]}}],"collection":[{"href":"https:\/\/techhub.wwf.ca\/fr\/wp-json\/wp\/v2\/pages"}],"about":[{"href":"https:\/\/techhub.wwf.ca\/fr\/wp-json\/wp\/v2\/types\/page"}],"author":[{"embeddable":true,"href":"https:\/\/techhub.wwf.ca\/fr\/wp-json\/wp\/v2\/users\/103538"}],"replies":[{"embeddable":true,"href":"https:\/\/techhub.wwf.ca\/fr\/wp-json\/wp\/v2\/comments?post=1899"}],"version-history":[{"count":0,"href":"https:\/\/techhub.wwf.ca\/fr\/wp-json\/wp\/v2\/pages\/1899\/revisions"}],"wp:featuredmedia":[{"embeddable":true,"href":"https:\/\/techhub.wwf.ca\/fr\/wp-json\/wp\/v2\/media\/527"}],"wp:attachment":[{"href":"https:\/\/techhub.wwf.ca\/fr\/wp-json\/wp\/v2\/media?parent=1899"}],"curies":[{"name":"wp","href":"https:\/\/api.w.org\/{rel}","templated":true}]}}