{"id":1906,"date":"2022-05-03T12:26:44","date_gmt":"2022-05-03T16:26:44","guid":{"rendered":"https:\/\/techhub.wwf.ca\/?page_id=1906"},"modified":"2022-05-03T12:30:40","modified_gmt":"2022-05-03T16:30:40","slug":"contact-wwf-canada-copy","status":"publish","type":"page","link":"https:\/\/techhub.wwf.ca\/fr\/contacter-wwf-canada\/","title":{"rendered":"Copy of Contact Us"},"content":{"rendered":"\n<h1>\n\t\tCONTACTEZ-NOUS\n\t<\/h1>\n\t<p>\u00a9 Antonio Busiello \/ WWF-US<\/p>\n\t\t\t\t<img loading=\"lazy\" decoding=\"async\" src=\"https:\/\/techhub.wwf.ca\/wp-content\/uploads\/sites\/5\/Divider-White-Dither.gif\" alt=\"A small line graphic\" itemprop=\"image\" height=\"28\" width=\"184\" onerror=\"this.style.display='none'\"  \/>\n<h5>\n\t\tCOMMUNIQUEZ AVEC NOUS\n\t<\/h5>\n<h4>\n\t\tPour obtenir des renseignements d&#8217;ordre g\u00e9n\u00e9ral \u00e0 propos du P\u00f4le techno Plan\u00e8te vivante, remplissez le formulaire ci-dessous :\n\t<\/h4>\n\t<p>Si vous avez des questions relatives \u00e0 la participation \u00e0 un d\u00e9fi, \u00e9crivez \u00e0 l&#8217;adresse suivante :\u00a0<a href=\"mailto:challenge@wwfcanada.org\" target=\"_blank\" rel=\"noopener noreferrer\" data-enc-email=\"punyyratr[at]jjspnanqn.bet\" data-wpel-link=\"ignore\">challenge@wwfcanada.org<\/a><\/p>\n\t<div class=\"wpforms-container wpforms-container-full form_join_newsletter\" id=\"wpforms-1908\"><form id=\"wpforms-form-1908\" class=\"wpforms-validate wpforms-form\" data-formid=\"1908\" method=\"post\" enctype=\"multipart\/form-data\" action=\"\/fr\/wp-json\/wp\/v2\/pages\/1906\" data-token=\"148683877fa593c8f7b7d27cdff3651b\"><noscript class=\"wpforms-error-noscript\">Veuillez activer JavaScript dans votre navigateur pour remplir ce formulaire.<\/noscript><div class=\"wpforms-field-container\"><div id=\"wpforms-1908-field_4-container\" class=\"wpforms-field wpforms-field-text wpforms-one-half wpforms-first\" data-field-id=\"4\"><label class=\"wpforms-field-label\" for=\"wpforms-1908-field_4\">Pr\u00e9nom <span class=\"wpforms-required-label\">*<\/span><\/label><input type=\"text\" id=\"wpforms-1908-field_4\" class=\"wpforms-field-large wpforms-field-required\" name=\"wpforms[fields][4]\" required><\/div><div id=\"wpforms-1908-field_5-container\" class=\"wpforms-field wpforms-field-text wpforms-one-half\" data-field-id=\"5\"><label class=\"wpforms-field-label\" for=\"wpforms-1908-field_5\">Nom de famille <span class=\"wpforms-required-label\">*<\/span><\/label><input type=\"text\" id=\"wpforms-1908-field_5\" class=\"wpforms-field-large wpforms-field-required\" name=\"wpforms[fields][5]\" required><\/div><div id=\"wpforms-1908-field_7-container\" class=\"wpforms-field wpforms-field-text\" data-field-id=\"7\"><label class=\"wpforms-field-label\" for=\"wpforms-1908-field_7\">Organisation<\/label><input type=\"text\" id=\"wpforms-1908-field_7\" class=\"wpforms-field-large\" name=\"wpforms[fields][7]\" ><\/div><div id=\"wpforms-1908-field_1-container\" class=\"wpforms-field wpforms-field-email wpforms-one-half wpforms-first\" data-field-id=\"1\"><label class=\"wpforms-field-label\" for=\"wpforms-1908-field_1\">Courriel <span class=\"wpforms-required-label\">*<\/span><\/label><input type=\"email\" id=\"wpforms-1908-field_1\" class=\"wpforms-field-large wpforms-field-required\" name=\"wpforms[fields][1]\" required><\/div><div id=\"wpforms-1908-field_6-container\" class=\"wpforms-field wpforms-field-phone wpforms-one-half\" data-field-id=\"6\"><label class=\"wpforms-field-label\" for=\"wpforms-1908-field_6\">Num\u00e9ro de t\u00e9l\u00e9phone <span class=\"wpforms-required-label\">*<\/span><\/label><input type=\"tel\" id=\"wpforms-1908-field_6\" class=\"wpforms-field-large wpforms-field-required wpforms-smart-phone-field\" data-rule-smart-phone-field=\"true\" name=\"wpforms[fields][6]\" required><\/div><div id=\"wpforms-1908-field_8-container\" class=\"wpforms-field wpforms-field-textarea\" data-field-id=\"8\"><label class=\"wpforms-field-label\" for=\"wpforms-1908-field_8\">Message <span class=\"wpforms-required-label\">*<\/span><\/label><textarea id=\"wpforms-1908-field_8\" class=\"wpforms-field-medium wpforms-field-required\" name=\"wpforms[fields][8]\" required><\/textarea><\/div><div id=\"wpforms-1908-field_9-container\" class=\"wpforms-field wpforms-field-gdpr-checkbox\" data-field-id=\"9\"><ul id=\"wpforms-1908-field_9\" class=\"wpforms-field-required\"><li class=\"choice-1\"><input type=\"checkbox\" id=\"wpforms-1908-field_9_1\" name=\"wpforms[fields][9][]\" value=\"Je consens \u00e0 ce que ce site Web stocke mes informations soumises afin qu&#039;elles puissent r\u00e9pondre \u00e0 ma demande.\" required ><label class=\"wpforms-field-label-inline\" for=\"wpforms-1908-field_9_1\">Je consens \u00e0 ce que ce site Web stocke mes informations soumises afin qu'elles puissent r\u00e9pondre \u00e0 ma demande. <span class=\"wpforms-required-label\">*<\/span><\/label><\/li><\/ul><\/div><\/div><div class=\"wpforms-field wpforms-field-hp\"><label for=\"wpforms-1908-field-hp\" class=\"wpforms-field-label\">Comment<\/label><input type=\"text\" name=\"wpforms[hp]\" id=\"wpforms-1908-field-hp\" class=\"wpforms-field-medium\"><\/div><div class=\"wpforms-recaptcha-container\" ><div class=\"g-recaptcha\" data-sitekey=\"6Lf3j8kZAAAAAKXdYf_C7Cs7JcCVL19lhLk23Kkx\"><\/div><input type=\"text\" name=\"g-recaptcha-hidden\" class=\"wpforms-recaptcha-hidden\" style=\"position:absolute!important;clip:rect(0,0,0,0)!important;height:1px!important;width:1px!important;border:0!important;overflow:hidden!important;padding:0!important;margin:0!important;\" required><\/div><div class=\"wpforms-submit-container\" ><input type=\"hidden\" name=\"wpforms[id]\" value=\"1908\"><input type=\"hidden\" name=\"wpforms[author]\" value=\"103538\"><button type=\"submit\" name=\"wpforms[submit]\" class=\"wpforms-submit \" id=\"wpforms-submit-1908\" value=\"wpforms-submit\" aria-live=\"assertive\" data-alt-text=\"Sending...\" data-submit-text=\"SOUMETTRE\">SOUMETTRE<\/button><\/div><\/form><\/div>  <!-- .wpforms-container -->\n\t\t\t\t<img loading=\"lazy\" decoding=\"async\" src=\"https:\/\/techhub.wwf.ca\/wp-content\/uploads\/sites\/5\/Divider-Black-Dither.gif\" alt=\"A small line graphic\" itemprop=\"image\" height=\"28\" width=\"184\" onerror=\"this.style.display='none'\"  \/>\n<h5>\n\t\tPASSEZ \u00c0 L&#8217;\u00c9TAPE SUIVANTE\n\t<\/h5>\n<h4>\n\t\tSoutenez l&#8217;avenir de la conservation de l&#8217;environnement\n\t<\/h4>\n\t\t\t<a href=\"http:\/\/www.wwf.ca\/donate\/\" target=\"_blank\" role=\"button\" rel=\"noopener\">\n\t\t\t\t\t\t\tDONNEZ MAINTENANT\n\t\t\t\t\t<\/a>\n\t\t\t\t<img loading=\"lazy\" decoding=\"async\" src=\"https:\/\/techhub.wwf.ca\/wp-content\/uploads\/sites\/5\/techline_ver_small_white.svg\" alt=\"techline_ver_small_white\" itemprop=\"image\" height=\"96.405\" width=\"7.405\" height=\"240\" width=\"240\" height=\"640\" width=\"640\" height=\"1280\" width=\"1280\" title=\"techline_ver_small_white\" onerror=\"this.style.display='none'\"  \/>\n\t\t\t\t<img loading=\"lazy\" decoding=\"async\" src=\"https:\/\/techhub.wwf.ca\/wp-content\/uploads\/sites\/5\/techline_ver_small_white.svg\" alt=\"techline_ver_small_white\" itemprop=\"image\" height=\"96.405\" width=\"7.405\" height=\"240\" width=\"240\" height=\"640\" width=\"640\" height=\"1280\" width=\"1280\" title=\"techline_ver_small_white\" onerror=\"this.style.display='none'\"  \/>\n<h4>\n\t\tParticipez au D\u00e9fi techno G\u00e9n\u00e9ration H2O\n\t<\/h4>\n\t\t\t<a href=\"https:\/\/techhub.wwf.ca\/conservation-tech-challenges\/nature-x-carbon\/\" target=\"_self\" role=\"button\" rel=\"noopener\">\n\t\t\t\t\t\t\tPLUS DE D\u00c9TAILS\n\t\t\t\t\t<\/a>\n\n","protected":false},"excerpt":{"rendered":"<p>CONTACTEZ-NOUS \u00a9 Antonio Busiello \/ WWF-US COMMUNIQUEZ AVEC NOUS Pour obtenir des renseignements d&#8217;ordre g\u00e9n\u00e9ral \u00e0 propos du P\u00f4le techno Plan\u00e8te vivante, remplissez le formulaire ci-dessous : Si vous avez des questions relatives \u00e0 la participation \u00e0 un d\u00e9fi, \u00e9crivez \u00e0 l&#8217;adresse suivante :\u00a0challenge@wwfcanada.org PASSEZ \u00c0 L&#8217;\u00c9TAPE SUIVANTE Soutenez l&#8217;avenir de la conservation de l&#8217;environnement&hellip;<\/p>\n","protected":false},"author":103538,"featured_media":525,"parent":0,"menu_order":0,"comment_status":"closed","ping_status":"closed","template":"","meta":{"footnotes":""},"class_list":["post-1906","page","type-page","status-publish","has-post-thumbnail","hentry"],"acf":[],"_links":{"self":[{"href":"https:\/\/techhub.wwf.ca\/fr\/wp-json\/wp\/v2\/pages\/1906","targetHints":{"allow":["GET"]}}],"collection":[{"href":"https:\/\/techhub.wwf.ca\/fr\/wp-json\/wp\/v2\/pages"}],"about":[{"href":"https:\/\/techhub.wwf.ca\/fr\/wp-json\/wp\/v2\/types\/page"}],"author":[{"embeddable":true,"href":"https:\/\/techhub.wwf.ca\/fr\/wp-json\/wp\/v2\/users\/103538"}],"replies":[{"embeddable":true,"href":"https:\/\/techhub.wwf.ca\/fr\/wp-json\/wp\/v2\/comments?post=1906"}],"version-history":[{"count":0,"href":"https:\/\/techhub.wwf.ca\/fr\/wp-json\/wp\/v2\/pages\/1906\/revisions"}],"wp:featuredmedia":[{"embeddable":true,"href":"https:\/\/techhub.wwf.ca\/fr\/wp-json\/wp\/v2\/media\/525"}],"wp:attachment":[{"href":"https:\/\/techhub.wwf.ca\/fr\/wp-json\/wp\/v2\/media?parent=1906"}],"curies":[{"name":"wp","href":"https:\/\/api.w.org\/{rel}","templated":true}]}}